{"id":9,"date":"2026-03-29T17:43:14","date_gmt":"2026-03-29T17:43:14","guid":{"rendered":"https:\/\/carminelectrico.com\/?page_id=9"},"modified":"2026-04-11T19:24:53","modified_gmt":"2026-04-11T19:24:53","slug":"carmin-electrico","status":"publish","type":"page","link":"https:\/\/carminelectrico.com\/","title":{"rendered":"CARM\u00cdN EL\u00c9CTRICO"},"content":{"rendered":"\t\t<div data-elementor-type=\"wp-page\" data-elementor-id=\"9\" class=\"elementor elementor-9\">\n\t\t\t\t<div class=\"elementor-element elementor-element-d6fe3a2 e-flex e-con-boxed e-con e-parent\" data-id=\"d6fe3a2\" data-element_type=\"container\" data-e-type=\"container\" data-settings=\"{&quot;background_background&quot;:&quot;classic&quot;}\">\n\t\t\t\t\t<div class=\"e-con-inner\">\n\t\t\t\t<div class=\"elementor-element elementor-element-f1248b9 elementor-widget__width-inherit elementor-widget elementor-widget-image\" data-id=\"f1248b9\" data-element_type=\"widget\" data-e-type=\"widget\" data-widget_type=\"image.default\">\n\t\t\t\t\t\t\t\t\t\t\t\t\t\t\t<img fetchpriority=\"high\" decoding=\"async\" width=\"1536\" height=\"1024\" src=\"https:\/\/carminelectrico.com\/wp-content\/uploads\/2026\/04\/image.png\" class=\"attachment-full size-full wp-image-89\" alt=\"\" srcset=\"https:\/\/carminelectrico.com\/wp-content\/uploads\/2026\/04\/image.png 1536w, https:\/\/carminelectrico.com\/wp-content\/uploads\/2026\/04\/image-300x200.png 300w, https:\/\/carminelectrico.com\/wp-content\/uploads\/2026\/04\/image-1024x683.png 1024w, https:\/\/carminelectrico.com\/wp-content\/uploads\/2026\/04\/image-768x512.png 768w\" sizes=\"(max-width: 1536px) 100vw, 1536px\" \/>\t\t\t\t\t\t\t\t\t\t\t\t\t\t\t<\/div>\n\t\t\t\t\t<\/div>\n\t\t\t\t<\/div>\n\t\t<div class=\"elementor-element elementor-element-1228b92 e-flex e-con-boxed e-con e-parent\" data-id=\"1228b92\" data-element_type=\"container\" data-e-type=\"container\" data-settings=\"{&quot;background_background&quot;:&quot;gradient&quot;}\">\n\t\t\t\t\t<div class=\"e-con-inner\">\n\t\t\t\t<div class=\"elementor-element elementor-element-f73ce22 elementor-widget elementor-widget-heading\" data-id=\"f73ce22\" data-element_type=\"widget\" data-e-type=\"widget\" data-widget_type=\"heading.default\">\n\t\t\t\t\t<h2 class=\"elementor-heading-title elementor-size-default\">No somos para todo el mundo.<br>\nPero si conectas, no hay vuelta atr\u00e1s.<\/h2>\t\t\t\t<\/div>\n\t\t\t\t<div class=\"elementor-element elementor-element-ee3a1fa elementor-widget elementor-widget-text-editor\" data-id=\"ee3a1fa\" data-element_type=\"widget\" data-e-type=\"widget\" data-widget_type=\"text-editor.default\">\n\t\t\t\t\t\t\t\t\t<p>Carm\u00edn El\u00e9ctrico es rock emocional sin filtros.<br \/>Canciones que nacen del conflicto, la rabia y la necesidad de no encajar.<\/p>\t\t\t\t\t\t\t\t<\/div>\n\t\t\t\t<div class=\"elementor-element elementor-element-1e5ebad elementor-align-center elementor-widget elementor-widget-button\" data-id=\"1e5ebad\" data-element_type=\"widget\" data-e-type=\"widget\" data-widget_type=\"button.default\">\n\t\t\t\t\t\t\t\t\t\t<a class=\"elementor-button elementor-button-link elementor-size-sm\" href=\"https:\/\/hyperfollow.com\/carminelectrico\">\n\t\t\t\t\t\t<span class=\"elementor-button-content-wrapper\">\n\t\t\t\t\t\t\t\t\t<span class=\"elementor-button-text\">\ud83d\udc49 ESCUCHAR AHORA<\/span>\n\t\t\t\t\t<\/span>\n\t\t\t\t\t<\/a>\n\t\t\t\t\t\t\t\t<\/div>\n\t\t\t\t<div class=\"elementor-element elementor-element-2c3d8ec elementor-widget elementor-widget-text-editor\" data-id=\"2c3d8ec\" data-element_type=\"widget\" data-e-type=\"widget\" data-widget_type=\"text-editor.default\">\n\t\t\t\t\t\t\t\t\t<p><strong>SPOTIFY &#8211; YOUTUBE &#8211; APPLE MUSIC<\/strong><\/p>\t\t\t\t\t\t\t\t<\/div>\n\t\t<div class=\"elementor-element elementor-element-be5f6cc e-con-full e-flex e-con e-child\" data-id=\"be5f6cc\" data-element_type=\"container\" data-e-type=\"container\" data-settings=\"{&quot;background_background&quot;:&quot;gradient&quot;,&quot;shape_divider_bottom&quot;:&quot;opacity-fan&quot;}\">\n\t\t\t\t<div class=\"elementor-shape elementor-shape-bottom\" aria-hidden=\"true\" data-negative=\"false\">\n\t\t\t<svg xmlns=\"http:\/\/www.w3.org\/2000\/svg\" viewBox=\"0 0 283.5 19.6\" preserveAspectRatio=\"none\">\n\t<path class=\"elementor-shape-fill\" style=\"opacity:0.33\" d=\"M0 0L0 18.8 141.8 4.1 283.5 18.8 283.5 0z\"\/>\n\t<path class=\"elementor-shape-fill\" style=\"opacity:0.33\" d=\"M0 0L0 12.6 141.8 4 283.5 12.6 283.5 0z\"\/>\n\t<path class=\"elementor-shape-fill\" style=\"opacity:0.33\" d=\"M0 0L0 6.4 141.8 4 283.5 6.4 283.5 0z\"\/>\n\t<path class=\"elementor-shape-fill\" d=\"M0 0L0 1.2 141.8 4 283.5 1.2 283.5 0z\"\/>\n<\/svg>\t\t<\/div>\n\t\t\t\t<div class=\"elementor-element elementor-element-d34fed8 elementor-widget elementor-widget-heading\" data-id=\"d34fed8\" data-element_type=\"widget\" data-e-type=\"widget\" data-widget_type=\"heading.default\">\n\t\t\t\t\t<h2 class=\"elementor-heading-title elementor-size-default\">\ud83d\udd25 NUEVO SINGLE<\/h2>\t\t\t\t<\/div>\n\t\t\t\t<div class=\"elementor-element elementor-element-330cf4d elementor-widget elementor-widget-heading\" data-id=\"330cf4d\" data-element_type=\"widget\" data-e-type=\"widget\" data-widget_type=\"heading.default\">\n\t\t\t\t\t<h2 class=\"elementor-heading-title elementor-size-default\">LA OVEJA NEGRA<\/h2>\t\t\t\t<\/div>\n\t\t\t\t<div class=\"elementor-element elementor-element-1961f66 elementor-widget elementor-widget-text-editor\" data-id=\"1961f66\" data-element_type=\"widget\" data-e-type=\"widget\" data-widget_type=\"text-editor.default\">\n\t\t\t\t\t\t\t\t\t<p>Para quienes no encajan.<br \/>Para quienes ya no quieren hacerlo.<\/p>\t\t\t\t\t\t\t\t<\/div>\n\t\t\t\t<div class=\"elementor-element elementor-element-c4a7e33 elementor-align-center elementor-widget__width-inherit elementor-widget elementor-widget-button\" data-id=\"c4a7e33\" data-element_type=\"widget\" data-e-type=\"widget\" data-widget_type=\"button.default\">\n\t\t\t\t\t\t\t\t\t\t<a class=\"elementor-button elementor-button-link elementor-size-sm\" href=\"https:\/\/open.spotify.com\/intl-es\/track\/120prMLA2UAXBHntCMqmBa?si=688b7e60bcf44b8b\">\n\t\t\t\t\t\t<span class=\"elementor-button-content-wrapper\">\n\t\t\t\t\t\t\t\t\t<span class=\"elementor-button-text\">ESCUCHAR \"LA OVEJA NEGRA\"<\/span>\n\t\t\t\t\t<\/span>\n\t\t\t\t\t<\/a>\n\t\t\t\t\t\t\t\t<\/div>\n\t\t\t\t<div class=\"elementor-element elementor-element-720cd7c elementor-widget elementor-widget-html\" data-id=\"720cd7c\" data-element_type=\"widget\" data-e-type=\"widget\" data-widget_type=\"html.default\">\n\t\t\t\t\t<iframe data-testid=\"embed-iframe\" style=\"border-radius:12px\" src=\"https:\/\/open.spotify.com\/embed\/track\/120prMLA2UAXBHntCMqmBa?utm_source=generator\" width=\"100%\" height=\"352\" frameBorder=\"0\" allowfullscreen=\"\" allow=\"autoplay; clipboard-write; encrypted-media; fullscreen; picture-in-picture\" loading=\"lazy\"><\/iframe>\n\t\t\t\t<\/div>\n\t\t\t\t<\/div>\n\t\t\t\t<div class=\"elementor-element elementor-element-6fa5d99 elementor-widget elementor-widget-heading\" data-id=\"6fa5d99\" data-element_type=\"widget\" data-e-type=\"widget\" data-widget_type=\"heading.default\">\n\t\t\t\t\t<h2 class=\"elementor-heading-title elementor-size-default\"><br><br>Esto es Carm\u00edn El\u00e9ctrico<\/h2>\t\t\t\t<\/div>\n\t\t<div class=\"elementor-element elementor-element-81b6299 e-con-full e-flex e-con e-child\" data-id=\"81b6299\" data-element_type=\"container\" data-e-type=\"container\">\n\t\t<div class=\"elementor-element elementor-element-1ef4e54 e-grid e-con-full e-con e-child\" data-id=\"1ef4e54\" data-element_type=\"container\" data-e-type=\"container\">\n\t\t\t\t<div class=\"elementor-element elementor-element-6d65696 elementor-widget elementor-widget-video\" data-id=\"6d65696\" data-element_type=\"widget\" data-e-type=\"widget\" data-settings=\"{&quot;youtube_url&quot;:&quot;https:\\\/\\\/youtu.be\\\/j4kB-AY2lT4&quot;,&quot;video_type&quot;:&quot;youtube&quot;,&quot;controls&quot;:&quot;yes&quot;}\" data-widget_type=\"video.default\">\n\t\t\t\t\t\t\t<div class=\"elementor-wrapper elementor-open-inline\">\n\t\t\t<div class=\"elementor-video\"><\/div>\t\t<\/div>\n\t\t\t\t\t\t<\/div>\n\t\t\t\t<div class=\"elementor-element elementor-element-69b5ee7 elementor-widget elementor-widget-video\" data-id=\"69b5ee7\" data-element_type=\"widget\" data-e-type=\"widget\" data-settings=\"{&quot;youtube_url&quot;:&quot;https:\\\/\\\/youtu.be\\\/IKxDlgh8xfE?si=XP4_B2C9xQy2Q0JX&quot;,&quot;video_type&quot;:&quot;youtube&quot;,&quot;controls&quot;:&quot;yes&quot;}\" data-widget_type=\"video.default\">\n\t\t\t\t\t\t\t<div class=\"elementor-wrapper elementor-open-inline\">\n\t\t\t<div class=\"elementor-video\"><\/div>\t\t<\/div>\n\t\t\t\t\t\t<\/div>\n\t\t\t\t<div class=\"elementor-element elementor-element-2a71b9f elementor-widget elementor-widget-video\" data-id=\"2a71b9f\" data-element_type=\"widget\" data-e-type=\"widget\" data-settings=\"{&quot;youtube_url&quot;:&quot;https:\\\/\\\/youtu.be\\\/zh5rJS4JuIw&quot;,&quot;video_type&quot;:&quot;youtube&quot;,&quot;controls&quot;:&quot;yes&quot;}\" data-widget_type=\"video.default\">\n\t\t\t\t\t\t\t<div class=\"elementor-wrapper elementor-open-inline\">\n\t\t\t<div class=\"elementor-video\"><\/div>\t\t<\/div>\n\t\t\t\t\t\t<\/div>\n\t\t\t\t<\/div>\n\t\t\t\t<\/div>\n\t\t\t\t\t<\/div>\n\t\t\t\t<\/div>\n\t\t<div class=\"elementor-element elementor-element-f92c5d9 e-flex e-con-boxed e-con e-parent\" data-id=\"f92c5d9\" data-element_type=\"container\" data-e-type=\"container\" data-settings=\"{&quot;background_background&quot;:&quot;gradient&quot;}\">\n\t\t\t\t\t<div class=\"e-con-inner\">\n\t\t\t\t<div class=\"elementor-element elementor-element-599e2bc elementor-widget elementor-widget-heading\" data-id=\"599e2bc\" data-element_type=\"widget\" data-e-type=\"widget\" data-widget_type=\"heading.default\">\n\t\t\t\t\t<h2 class=\"elementor-heading-title elementor-size-default\">MERCH OFICIAL<\/h2>\t\t\t\t<\/div>\n\t\t\t\t<div class=\"elementor-element elementor-element-210a111 elementor-widget elementor-widget-text-editor\" data-id=\"210a111\" data-element_type=\"widget\" data-e-type=\"widget\" data-widget_type=\"text-editor.default\">\n\t\t\t\t\t\t\t\t\t<p>La oveja negra ya no se esconde.<\/p>\t\t\t\t\t\t\t\t<\/div>\n\t\t<div class=\"elementor-element elementor-element-783f983 e-grid e-con-full e-con e-child\" data-id=\"783f983\" data-element_type=\"container\" data-e-type=\"container\">\n\t\t\t\t<div class=\"elementor-element elementor-element-ef416a8 elementor-widget elementor-widget-image\" data-id=\"ef416a8\" data-element_type=\"widget\" data-e-type=\"widget\" data-widget_type=\"image.default\">\n\t\t\t\t\t\t\t\t\t\t\t\t\t\t\t<img decoding=\"async\" width=\"1020\" height=\"1020\" src=\"https:\/\/carminelectrico.com\/wp-content\/uploads\/2026\/03\/camisetahomber.png\" class=\"attachment-full size-full wp-image-65\" alt=\"\" srcset=\"https:\/\/carminelectrico.com\/wp-content\/uploads\/2026\/03\/camisetahomber.png 1020w, https:\/\/carminelectrico.com\/wp-content\/uploads\/2026\/03\/camisetahomber-300x300.png 300w, https:\/\/carminelectrico.com\/wp-content\/uploads\/2026\/03\/camisetahomber-150x150.png 150w, https:\/\/carminelectrico.com\/wp-content\/uploads\/2026\/03\/camisetahomber-768x768.png 768w\" sizes=\"(max-width: 1020px) 100vw, 1020px\" \/>\t\t\t\t\t\t\t\t\t\t\t\t\t\t\t<\/div>\n\t\t\t\t<div class=\"elementor-element elementor-element-06f6aed elementor-widget elementor-widget-image\" data-id=\"06f6aed\" data-element_type=\"widget\" data-e-type=\"widget\" data-widget_type=\"image.default\">\n\t\t\t\t\t\t\t\t\t\t\t\t\t\t\t<img decoding=\"async\" width=\"965\" height=\"965\" src=\"https:\/\/carminelectrico.com\/wp-content\/uploads\/2026\/03\/camisetamujer.png\" class=\"attachment-full size-full wp-image-66\" alt=\"\" srcset=\"https:\/\/carminelectrico.com\/wp-content\/uploads\/2026\/03\/camisetamujer.png 965w, https:\/\/carminelectrico.com\/wp-content\/uploads\/2026\/03\/camisetamujer-300x300.png 300w, https:\/\/carminelectrico.com\/wp-content\/uploads\/2026\/03\/camisetamujer-150x150.png 150w, https:\/\/carminelectrico.com\/wp-content\/uploads\/2026\/03\/camisetamujer-768x768.png 768w\" sizes=\"(max-width: 965px) 100vw, 965px\" \/>\t\t\t\t\t\t\t\t\t\t\t\t\t\t\t<\/div>\n\t\t\t\t<\/div>\n\t\t\t\t<div class=\"elementor-element elementor-element-2cc5990 elementor-align-center elementor-widget elementor-widget-button\" data-id=\"2cc5990\" data-element_type=\"widget\" data-e-type=\"widget\" data-widget_type=\"button.default\">\n\t\t\t\t\t\t\t\t\t\t<a class=\"elementor-button elementor-button-link elementor-size-sm\" href=\"https:\/\/www.latostadora.com\/shop\/carminelectrico\">\n\t\t\t\t\t\t<span class=\"elementor-button-content-wrapper\">\n\t\t\t\t\t\t\t\t\t<span class=\"elementor-button-text\">VER CAMISETAS<\/span>\n\t\t\t\t\t<\/span>\n\t\t\t\t\t<\/a>\n\t\t\t\t\t\t\t\t<\/div>\n\t\t\t\t\t<\/div>\n\t\t\t\t<\/div>\n\t\t<div class=\"elementor-element elementor-element-5c89b49 e-flex e-con-boxed e-con e-parent\" data-id=\"5c89b49\" data-element_type=\"container\" data-e-type=\"container\" data-settings=\"{&quot;background_background&quot;:&quot;gradient&quot;}\">\n\t\t\t\t\t<div class=\"e-con-inner\">\n\t\t\t\t<div class=\"elementor-element elementor-element-7721e01 elementor-widget elementor-widget-heading\" data-id=\"7721e01\" data-element_type=\"widget\" data-e-type=\"widget\" data-widget_type=\"heading.default\">\n\t\t\t\t\t<h2 class=\"elementor-heading-title elementor-size-default\">\u00bfQui\u00e9nes somos?<br><\/h2>\t\t\t\t<\/div>\n\t\t\t\t<div class=\"elementor-element elementor-element-df1b2af elementor-widget elementor-widget-text-editor\" data-id=\"df1b2af\" data-element_type=\"widget\" data-e-type=\"widget\" data-widget_type=\"text-editor.default\">\n\t\t\t\t\t\t\t\t\t<p>Tres personas que decidieron dejar de encajar.<\/p><p>Carm\u00edn El\u00e9ctrico no es una banda perfecta.<br \/>Es una banda real.<\/p>\t\t\t\t\t\t\t\t<\/div>\n\t\t\t\t<div class=\"elementor-element elementor-element-5b3bfd3 elementor-widget elementor-widget-heading\" data-id=\"5b3bfd3\" data-element_type=\"widget\" data-e-type=\"widget\" data-widget_type=\"heading.default\">\n\t\t\t\t\t<h2 class=\"elementor-heading-title elementor-size-default\">\ud83d\udd25 ABIERTA CONTRATACI\u00d3N<\/h2>\t\t\t\t<\/div>\n\t\t\t\t<div class=\"elementor-element elementor-element-07a8410 elementor-widget elementor-widget-text-editor\" data-id=\"07a8410\" data-element_type=\"widget\" data-e-type=\"widget\" data-widget_type=\"text-editor.default\">\n\t\t\t\t\t\t\t\t\t<p>Si quieres llevar esto al directo,&nbsp;<\/p>\n<p>no vamos a pasar desapercibidos.<\/p>\n<p><br><\/p><p>Hablemos.<\/p>\t\t\t\t\t\t\t\t<\/div>\n\t\t\t\t<div class=\"elementor-element elementor-element-ff1abb6 elementor-align-center elementor-widget elementor-widget-button\" data-id=\"ff1abb6\" data-element_type=\"widget\" data-e-type=\"widget\" data-widget_type=\"button.default\">\n\t\t\t\t\t\t\t\t\t\t<a class=\"elementor-button elementor-button-link elementor-size-sm\" href=\"mailto:carminelectrico20@gmail.com\">\n\t\t\t\t\t\t<span class=\"elementor-button-content-wrapper\">\n\t\t\t\t\t\t\t\t\t<span class=\"elementor-button-text\">CONTACTAR<\/span>\n\t\t\t\t\t<\/span>\n\t\t\t\t\t<\/a>\n\t\t\t\t\t\t\t\t<\/div>\n\t\t\t\t\t<\/div>\n\t\t\t\t<\/div>\n\t\t\t\t<\/div>\n\t\t","protected":false},"excerpt":{"rendered":"<p>No somos para todo el mundo. Pero si conectas, no hay vuelta atr\u00e1s. Carm\u00edn El\u00e9ctrico es rock emocional sin filtros.Canciones que nacen del conflicto, la rabia y la necesidad de no encajar. \ud83d\udc49 ESCUCHAR AHORA SPOTIFY &#8211; YOUTUBE &#8211; APPLE MUSIC \ud83d\udd25 NUEVO SINGLE LA OVEJA NEGRA Para quienes no encajan.Para quienes ya no quieren [&hellip;]<\/p>\n","protected":false},"author":1,"featured_media":14,"parent":0,"menu_order":0,"comment_status":"closed","ping_status":"closed","template":"elementor_canvas","meta":{"footnotes":""},"class_list":["post-9","page","type-page","status-publish","has-post-thumbnail","hentry"],"_links":{"self":[{"href":"https:\/\/carminelectrico.com\/index.php\/wp-json\/wp\/v2\/pages\/9","targetHints":{"allow":["GET"]}}],"collection":[{"href":"https:\/\/carminelectrico.com\/index.php\/wp-json\/wp\/v2\/pages"}],"about":[{"href":"https:\/\/carminelectrico.com\/index.php\/wp-json\/wp\/v2\/types\/page"}],"author":[{"embeddable":true,"href":"https:\/\/carminelectrico.com\/index.php\/wp-json\/wp\/v2\/users\/1"}],"replies":[{"embeddable":true,"href":"https:\/\/carminelectrico.com\/index.php\/wp-json\/wp\/v2\/comments?post=9"}],"version-history":[{"count":61,"href":"https:\/\/carminelectrico.com\/index.php\/wp-json\/wp\/v2\/pages\/9\/revisions"}],"predecessor-version":[{"id":95,"href":"https:\/\/carminelectrico.com\/index.php\/wp-json\/wp\/v2\/pages\/9\/revisions\/95"}],"wp:featuredmedia":[{"embeddable":true,"href":"https:\/\/carminelectrico.com\/index.php\/wp-json\/wp\/v2\/media\/14"}],"wp:attachment":[{"href":"https:\/\/carminelectrico.com\/index.php\/wp-json\/wp\/v2\/media?parent=9"}],"curies":[{"name":"wp","href":"https:\/\/api.w.org\/{rel}","templated":true}]}}